{"id":3246,"date":"2021-12-03T10:38:03","date_gmt":"2021-12-03T08:38:03","guid":{"rendered":"https:\/\/pvc-hallid.ee\/?page_id=3246"},"modified":"2021-12-08T18:43:53","modified_gmt":"2021-12-08T16:43:53","slug":"contact","status":"publish","type":"page","link":"https:\/\/pvc-hallid.ee\/en\/contact\/","title":{"rendered":"Contact"},"content":{"rendered":"[vc_row gap=&#8221;40&#8243; equal_height=&#8221;yes&#8221; element_id=&#8221;289895&#8243; css=&#8221;.vc_custom_1590687552039{padding-bottom: 72px !important;}&#8221;][vc_column animation_delay=&#8221;0&#8243; shadow=&#8221;true&#8221; width=&#8221;1\/2&#8243; element_id=&#8221;190578&#8243; css=&#8221;.vc_custom_1633895681114{padding-top: 48px !important;padding-right: 32px !important;padding-bottom: 48px !important;padding-left: 32px !important;background-color: #9cd115 !important;}&#8221; crp=&#8221;374:10:10,375-767:i:i,768-1023:i:i,1024-1279:i:i,1280-1599:i:i,1600-1919:i:i&#8221; offset=&#8221;vc_col-lg-4 vc_col-md-5 vc_col-xs-12&#8243;][vc_column_text animation_delay=&#8221;0&#8243;]\n<h4><span style=\"color: #000000;\">Asula O\u00dc<\/span><\/h4>\n<p><span style=\"color: #000000;\"><strong>Reg:<\/strong> 11177055<\/span><br \/>\n<span style=\"color: #000000;\"><strong>KMKR:<\/strong> EE101031020<\/span><br \/>\n<span style=\"color: #000000;\"><strong>Swedbank:<\/strong> EE392200221029572806<\/span><\/p>\n<p><span style=\"color: #000000;\">H\u00f5bekuuse, Kernu k\u00fcla, 76305, Saue vald<\/span><br \/>\n<span style=\"color: #000000;\"><a style=\"color: #000000;\" href=\"tel: +372 513 0191\">+372 513 0191<\/a><\/span><br \/>\n<span style=\"color: #000000;\"><a style=\"color: #000000;\" href=\"mailto:info@asula.ee\">info@asula.ee<\/a><\/span>[\/vc_column_text]<span class=\"et-gap et-clearfix et-gap-92258\"><\/span><p class=\"et-heading text-align-left highlight-false\" id=\"et-heading-271101\" ><span class=\"text-wrapper\"><span class=\"text\">Follow us on social media:<\/span><span class=\"curtain\"><\/span><\/span><\/p><span class=\"et-gap et-clearfix et-gap-829595\"><\/span><div id=\"et-social-links-41070\" class=\"et-social-links styling-original-false size-small free\"><a class=\"facebook\" href=\"https:\/\/www.facebook.com\/pvchallid\/\" target=\"_self\" title=\"facebook\"><svg xmlns=\"http:\/\/www.w3.org\/2000\/svg\" viewBox=\"0 0 512 512\"><path d=\"M288 176v-64c0-17.664 14.336-32 32-32h32V0h-64c-53.024 0-96 42.976-96 96v80h-64v80h64v256h96V256h64l32-80h-96z\"\/><\/svg><\/a><\/div>[\/vc_column][vc_column animation_delay=&#8221;0&#8243; width=&#8221;1\/2&#8243; element_id=&#8221;781644&#8243; offset=&#8221;vc_col-lg-8 vc_col-md-7 vc_col-xs-12&#8243; crp=&#8221;374:i:i,375-767:i:i,768-1023:i:i,1024-1279:i:i,1280-1599:i:i,1600-1919:i:i&#8221;][vc_row_inner][vc_column_inner width=&#8221;1\/4&#8243;]<span class=\"et-gap et-clearfix et-gap-738309\"><\/span>[vc_single_image image=&#8221;3189&#8243; img_size=&#8221;180&#215;211&#8243; style=&#8221;vc_box_rounded&#8221;][\/vc_column_inner][vc_column_inner width=&#8221;1\/4&#8243; css=&#8221;.vc_custom_1635363337706{padding-left: -100px !important;}&#8221;]<span class=\"et-gap et-clearfix et-gap-183215\"><\/span><h5 class=\"et-heading text-align-left highlight-false\" id=\"et-heading-507720\" ><span class=\"text-wrapper\"><span class=\"text\">Rain Saar<\/span><span class=\"curtain\"><\/span><\/span><\/h5>[vc_separator][vc_column_text animation_delay=&#8221;0&#8243;]<em>CEO<\/em><br \/>\n<a href=\"tel:+372 513 0191\">+372 513 0191<\/a><br \/>\n<a href=\"mailto:info@asula.ee\">info@asula.ee<\/a>[\/vc_column_text][\/vc_column_inner][vc_column_inner width=&#8221;1\/4&#8243;][\/vc_column_inner][vc_column_inner width=&#8221;1\/4&#8243;][\/vc_column_inner][\/vc_row_inner]<span class=\"et-gap et-clearfix et-gap-418529\"><\/span>[vc_row_inner][vc_column_inner width=&#8221;1\/4&#8243;]<span class=\"et-gap et-clearfix et-gap-72417\"><\/span><h5 class=\"et-heading text-align-left highlight-false\" id=\"et-heading-384369\" ><span class=\"text-wrapper\"><span class=\"text\">Helina Saar<\/span><span class=\"curtain\"><\/span><\/span><\/h5>[vc_separator][vc_column_text animation_delay=&#8221;0&#8243;]<em>Board member \/ CFO<\/em><br \/>\n<a href=\"tel:+372 513 7383\">+372 513 7383<\/a><br \/>\n<a href=\"mailto:helina@asula.ee\">helina@asula.ee<\/a>[\/vc_column_text][\/vc_column_inner][vc_column_inner width=&#8221;1\/4&#8243;]<span class=\"et-gap et-clearfix et-gap-72417\"><\/span><h5 class=\"et-heading text-align-left highlight-false\" id=\"et-heading-172402\" ><span class=\"text-wrapper\"><span class=\"text\">Janno Variksaar<\/span><span class=\"curtain\"><\/span><\/span><\/h5>[vc_separator][vc_column_text animation_delay=&#8221;0&#8243;]<em>Production Director for PVC Coverings<\/em>[\/vc_column_text][\/vc_column_inner][vc_column_inner width=&#8221;1\/4&#8243;]<span class=\"et-gap et-clearfix et-gap-72417\"><\/span><h5 class=\"et-heading text-align-left highlight-false\" id=\"et-heading-569247\" ><span class=\"text-wrapper\"><span class=\"text\">Kristjan Ketkinen<\/span><span class=\"curtain\"><\/span><\/span><\/h5>[vc_separator][vc_column_text animation_delay=&#8221;0&#8243;]<em>Metal Shop Manager<\/em>[\/vc_column_text][\/vc_column_inner][vc_column_inner width=&#8221;1\/4&#8243;]<span class=\"et-gap et-clearfix et-gap-72417\"><\/span><h5 class=\"et-heading text-align-left highlight-false\" id=\"et-heading-736134\" ><span class=\"text-wrapper\"><span class=\"text\">Argo Tiilen<\/span><span class=\"curtain\"><\/span><\/span><\/h5>[vc_separator][vc_column_text animation_delay=&#8221;0&#8243;]<em>Installation Manager<\/em>[\/vc_column_text][\/vc_column_inner][\/vc_row_inner][\/vc_column][\/vc_row][vc_row gap=&#8221;40&#8243; element_id=&#8221;589467&#8243; css=&#8221;.vc_custom_1633896221809{padding-top: 24px !important;background-color: #efefef !important;}&#8221;][vc_column width=&#8221;1\/3&#8243;]<h4 class=\"et-heading text-align-left highlight-false\" id=\"et-heading-961169\" ><span class=\"text-wrapper\"><span class=\"text\">Submit an enquiry<\/span><span class=\"curtain\"><\/span><\/span><\/h4><span class=\"et-gap et-clearfix et-gap-418819\"><\/span>\n<div class=\"wpcf7 no-js\" id=\"wpcf7-f3383-o1\" lang=\"et\" dir=\"ltr\" data-wpcf7-id=\"3383\">\n<div class=\"screen-reader-response\"><p role=\"status\" aria-live=\"polite\" aria-atomic=\"true\"><\/p> <ul><\/ul><\/div>\n<form action=\"\/en\/wp-json\/wp\/v2\/pages\/3246#wpcf7-f3383-o1\" method=\"post\" class=\"wpcf7-form init\" aria-label=\"Contact form\" novalidate=\"novalidate\" data-status=\"init\">\n<fieldset class=\"hidden-fields-container\"><input type=\"hidden\" name=\"_wpcf7\" value=\"3383\" \/><input type=\"hidden\" name=\"_wpcf7_version\" value=\"6.1.5\" \/><input type=\"hidden\" name=\"_wpcf7_locale\" value=\"et\" \/><input type=\"hidden\" name=\"_wpcf7_unit_tag\" value=\"wpcf7-f3383-o1\" \/><input type=\"hidden\" name=\"_wpcf7_container_post\" value=\"0\" \/><input type=\"hidden\" name=\"_wpcf7_posted_data_hash\" value=\"\" \/><input type=\"hidden\" name=\"_wpcf7_recaptcha_response\" value=\"\" \/>\n<\/fieldset>\n<p><label> Your name*<br \/>\n<span class=\"wpcf7-form-control-wrap\" data-name=\"your-name\"><input size=\"40\" maxlength=\"400\" class=\"wpcf7-form-control wpcf7-text wpcf7-validates-as-required\" aria-required=\"true\" aria-invalid=\"false\" value=\"\" type=\"text\" name=\"your-name\" \/><\/span> <\/label>\n<\/p>\n<p><label> E-mail address*<br \/>\n<span class=\"wpcf7-form-control-wrap\" data-name=\"your-email\"><input size=\"40\" maxlength=\"400\" class=\"wpcf7-form-control wpcf7-email wpcf7-validates-as-required wpcf7-text wpcf7-validates-as-email\" aria-required=\"true\" aria-invalid=\"false\" value=\"\" type=\"email\" name=\"your-email\" \/><\/span> <\/label>\n<\/p>\n<p><label> Your message<br \/>\n<span class=\"wpcf7-form-control-wrap\" data-name=\"your-message\"><textarea cols=\"40\" rows=\"10\" maxlength=\"2000\" class=\"wpcf7-form-control wpcf7-textarea\" aria-invalid=\"false\" name=\"your-message\"><\/textarea><\/span> <\/label>\n<\/p>\n<p><input class=\"wpcf7-form-control wpcf7-submit has-spinner\" type=\"submit\" value=\"Send\" \/>\n<\/p><p style=\"display: none !important;\" class=\"akismet-fields-container\" data-prefix=\"_wpcf7_ak_\"><label>&#916;<textarea name=\"_wpcf7_ak_hp_textarea\" cols=\"45\" rows=\"8\" maxlength=\"100\"><\/textarea><\/label><input type=\"hidden\" id=\"ak_js_1\" name=\"_wpcf7_ak_js\" value=\"167\"\/><script>document.getElementById( \"ak_js_1\" ).setAttribute( \"value\", ( new Date() ).getTime() );<\/script><\/p><div class=\"wpcf7-response-output\" aria-hidden=\"true\"><\/div>\n<\/form>\n<\/div>\n[\/vc_column][vc_column animation_delay=&#8221;0&#8243; width=&#8221;2\/3&#8243; element_id=&#8221;573381&#8243; css=&#8221;.vc_custom_1629712140220{margin-top: 35px !important;}&#8221; crp=&#8221;374:i:i,375-767:i:i,768-1023:i:i,1024-1279:i:i,1280-1599:i:i,1600-1919:i:i&#8221;][vc_gmaps link=&#8221;#E-8_JTNDaWZyYW1lJTIwc3JjJTNEJTIyaHR0cHMlM0ElMkYlMkZ3d3cuZ29vZ2xlLmNvbSUyRm1hcHMlMkZlbWJlZCUzRnBiJTNEJTIxMW0xNCUyMTFtOCUyMTFtMyUyMTFkMjA0Ny4zODgzMDA5NDIzNDA3JTIxMmQyNC40ODM0MTg0JTIxM2Q1OS4xMjU5MDM2JTIxM20yJTIxMWkxMDI0JTIxMmk3NjglMjE0ZjEzLjElMjEzbTMlMjExbTIlMjExczB4MCUyNTNBMHg3OWU5YTgyOWMzMTBkNzgwJTIxMnpRWE4xYkdFZ1Q4T2MlMjE1ZTAlMjEzbTIlMjExc2V0JTIxMnNlZSUyMTR2MTYyNTQ4NDk3NjQwMSUyMTVtMiUyMTFzZXQlMjEyc2VlJTIyJTIwd2lkdGglM0QlMjI2MDAlMjIlMjBoZWlnaHQlM0QlMjI0NTAlMjIlMjBzdHlsZSUzRCUyMmJvcmRlciUzQTAlM0IlMjIlMjBhbGxvd2Z1bGxzY3JlZW4lM0QlMjIlMjIlMjBsb2FkaW5nJTNEJTIybGF6eSUyMiUzRSUzQyUyRmlmcmFtZSUzRQ==&#8221;]<span class=\"et-gap et-clearfix et-gap-947140\"><\/span>[\/vc_column][\/vc_row]\n","protected":false},"excerpt":{"rendered":"<p>[vc_row gap=&#8221;40&#8243; equal_height=&#8221;yes&#8221; element_id=&#8221;289895&#8243; css=&#8221;.vc_custom_1590687552039{padding-bottom: 72px !important;}&#8221;][vc_column animation_delay=&#8221;0&#8243; shadow=&#8221;true&#8221; width=&#8221;1\/2&#8243; element_id=&#8221;190578&#8243; css=&#8221;.vc_custom_1633895681114{padding-top: 48px !important;padding-right: 32px !important;padding-bottom: 48px !important;padding-left: 32px !important;background-color: #9cd115 !important;}&#8221; crp=&#8221;374:10:10,375-767:i:i,768-1023:i:i,1024-1279:i:i,1280-1599:i:i,1600-1919:i:i&#8221; offset=&#8221;vc_col-lg-4 vc_col-md-5 vc_col-xs-12&#8243;][vc_column_text animation_delay=&#8221;0&#8243;] Asula O\u00dc Reg: 11177055 KMKR: EE101031020 Swedbank: EE392200221029572806 H\u00f5bekuuse, Kernu k\u00fcla, 76305, Saue vald +372 513 0191 info@asula.ee[\/vc_column_text][\/vc_column][vc_column animation_delay=&#8221;0&#8243; width=&#8221;1\/2&#8243; element_id=&#8221;781644&#8243; offset=&#8221;vc_col-lg-8 vc_col-md-7 vc_col-xs-12&#8243; crp=&#8221;374:i:i,375-767:i:i,768-1023:i:i,1024-1279:i:i,1280-1599:i:i,1600-1919:i:i&#8221;][vc_row_inner][vc_column_inner width=&#8221;1\/4&#8243;][vc_single_image image=&#8221;3189&#8243; img_size=&#8221;180&#215;211&#8243; [&hellip;]<\/p>\n","protected":false},"author":4,"featured_media":0,"parent":0,"menu_order":0,"comment_status":"closed","ping_status":"closed","template":"page-vc.php","meta":{"om_disable_all_campaigns":false,"_monsterinsights_skip_tracking":false,"_monsterinsights_sitenote_active":false,"_monsterinsights_sitenote_note":"","_monsterinsights_sitenote_category":0,"_uf_show_specific_survey":0,"_uf_disable_surveys":false,"footnotes":""},"class_list":["post-3246","page","type-page","status-publish","hentry"],"aioseo_notices":[],"_links":{"self":[{"href":"https:\/\/pvc-hallid.ee\/en\/wp-json\/wp\/v2\/pages\/3246","targetHints":{"allow":["GET"]}}],"collection":[{"href":"https:\/\/pvc-hallid.ee\/en\/wp-json\/wp\/v2\/pages"}],"about":[{"href":"https:\/\/pvc-hallid.ee\/en\/wp-json\/wp\/v2\/types\/page"}],"author":[{"embeddable":true,"href":"https:\/\/pvc-hallid.ee\/en\/wp-json\/wp\/v2\/users\/4"}],"replies":[{"embeddable":true,"href":"https:\/\/pvc-hallid.ee\/en\/wp-json\/wp\/v2\/comments?post=3246"}],"version-history":[{"count":0,"href":"https:\/\/pvc-hallid.ee\/en\/wp-json\/wp\/v2\/pages\/3246\/revisions"}],"wp:attachment":[{"href":"https:\/\/pvc-hallid.ee\/en\/wp-json\/wp\/v2\/media?parent=3246"}],"curies":[{"name":"wp","href":"https:\/\/api.w.org\/{rel}","templated":true}]}}